{"id":4498,"date":"2023-05-27T13:13:34","date_gmt":"2023-05-27T13:13:34","guid":{"rendered":"https:\/\/epicerievalmarie.com\/?post_type=product&#038;p=4498"},"modified":"2025-04-15T09:31:08","modified_gmt":"2025-04-15T09:31:08","slug":"noix-de-cajou-grillees","status":"publish","type":"product","link":"https:\/\/epicerievalmarie.com\/fr\/product\/noix-de-cajou-grillees\/","title":{"rendered":"Noix de cajou grill\u00e9es"},"content":{"rendered":"<p>Des noix de cajou grill\u00e9es sal\u00e9es de qualit\u00e9.<br \/>\nElles sont grill\u00e9es au four, sans ajout de mati\u00e8re grasse.<br \/>\nL\u00e9g\u00e8rement sal\u00e9es, la torr\u00e9faction en fait ressortir les ar\u00f4mes subtiles.<br \/>\nUn tr\u00e8s beau calibre. Parfaites pour l\u2019app\u00e9titif.<br \/>\nUn produit de choix pou consommateur exigeant.<br \/>\nElles sont conditionn\u00e9es dans une barquette herm\u00e9tique tr\u00e8s pratique, empilable et refermable.<\/p>\n<p>125g<\/p>\n","protected":false},"excerpt":{"rendered":"<p>Des noix de cajou grill\u00e9es sal\u00e9es de qualit\u00e9. Elles sont grill\u00e9es au four, sans ajout de mati\u00e8re grasse. L\u00e9g\u00e8rement sal\u00e9es, la torr\u00e9faction en fait ressortir les ar\u00f4mes subtiles. Un tr\u00e8s beau calibre. Parfaites pour l\u2019app\u00e9titif. Un produit de choix pou consommateur exigeant. Elles sont conditionn\u00e9es dans une barquette herm\u00e9tique tr\u00e8s pratique, empilable et refermable. 125g<\/p>\n","protected":false},"featured_media":4499,"template":"","meta":{"inline_featured_image":false,"site-sidebar-layout":"default","site-content-layout":"default","ast-site-content-layout":"default","site-content-style":"default","site-sidebar-style":"default","ast-global-header-display":"","ast-banner-title-visibility":"","ast-main-header-display":"","ast-hfb-above-header-display":"","ast-hfb-below-header-display":"","ast-hfb-mobile-header-display":"","site-post-title":"","ast-breadcrumbs-content":"","ast-featured-img":"","footer-sml-layout":"","theme-transparent-header-meta":"default","adv-header-id-meta":"","stick-header-meta":"","header-above-stick-meta":"","header-main-stick-meta":"","header-below-stick-meta":"","astra-migrate-meta-layouts":"set","ast-page-background-enabled":"default","ast-page-background-meta":{"desktop":{"background-color":"var(--ast-global-color-4)","background-image":"","background-repeat":"repeat","background-position":"center center","background-size":"auto","background-attachment":"scroll","background-type":"","background-media":"","overlay-type":"","overlay-color":"","overlay-opacity":"","overlay-gradient":""},"tablet":{"background-color":"","background-image":"","background-repeat":"repeat","background-position":"center center","background-size":"auto","background-attachment":"scroll","background-type":"","background-media":"","overlay-type":"","overlay-color":"","overlay-opacity":"","overlay-gradient":""},"mobile":{"background-color":"","background-image":"","background-repeat":"repeat","background-position":"center center","background-size":"auto","background-attachment":"scroll","background-type":"","background-media":"","overlay-type":"","overlay-color":"","overlay-opacity":"","overlay-gradient":""}},"ast-content-background-meta":{"desktop":{"background-color":"var(--ast-global-color-5)","background-image":"","background-repeat":"repeat","background-position":"center center","background-size":"auto","background-attachment":"scroll","background-type":"","background-media":"","overlay-type":"","overlay-color":"","overlay-opacity":"","overlay-gradient":""},"tablet":{"background-color":"var(--ast-global-color-5)","background-image":"","background-repeat":"repeat","background-position":"center center","background-size":"auto","background-attachment":"scroll","background-type":"","background-media":"","overlay-type":"","overlay-color":"","overlay-opacity":"","overlay-gradient":""},"mobile":{"background-color":"var(--ast-global-color-5)","background-image":"","background-repeat":"repeat","background-position":"center center","background-size":"auto","background-attachment":"scroll","background-type":"","background-media":"","overlay-type":"","overlay-color":"","overlay-opacity":"","overlay-gradient":""}}},"product_brand":[],"product_cat":[139],"product_tag":[],"class_list":{"0":"post-4498","1":"product","2":"type-product","3":"status-publish","4":"has-post-thumbnail","6":"product_cat-produitslocal","7":"desktop-align-left","8":"tablet-align-left","9":"mobile-align-left","11":"first","12":"instock","13":"shipping-taxable","14":"purchasable","15":"product-type-simple"},"_links":{"self":[{"href":"https:\/\/epicerievalmarie.com\/fr\/wp-json\/wp\/v2\/product\/4498","targetHints":{"allow":["GET"]}}],"collection":[{"href":"https:\/\/epicerievalmarie.com\/fr\/wp-json\/wp\/v2\/product"}],"about":[{"href":"https:\/\/epicerievalmarie.com\/fr\/wp-json\/wp\/v2\/types\/product"}],"wp:featuredmedia":[{"embeddable":true,"href":"https:\/\/epicerievalmarie.com\/fr\/wp-json\/wp\/v2\/media\/4499"}],"wp:attachment":[{"href":"https:\/\/epicerievalmarie.com\/fr\/wp-json\/wp\/v2\/media?parent=4498"}],"wp:term":[{"taxonomy":"product_brand","embeddable":true,"href":"https:\/\/epicerievalmarie.com\/fr\/wp-json\/wp\/v2\/product_brand?post=4498"},{"taxonomy":"product_cat","embeddable":true,"href":"https:\/\/epicerievalmarie.com\/fr\/wp-json\/wp\/v2\/product_cat?post=4498"},{"taxonomy":"product_tag","embeddable":true,"href":"https:\/\/epicerievalmarie.com\/fr\/wp-json\/wp\/v2\/product_tag?post=4498"}],"curies":[{"name":"wp","href":"https:\/\/api.w.org\/{rel}","templated":true}]}}