{"id":4494,"date":"2023-05-27T13:09:56","date_gmt":"2023-05-27T13:09:56","guid":{"rendered":"https:\/\/epicerievalmarie.com\/?post_type=product&#038;p=4494"},"modified":"2025-04-15T09:31:52","modified_gmt":"2025-04-15T09:31:52","slug":"amandes-grillees","status":"publish","type":"product","link":"https:\/\/epicerievalmarie.com\/fr\/product\/amandes-grillees\/","title":{"rendered":"Amandes grill\u00e9es"},"content":{"rendered":"<p>Une tr\u00e8s belle amande go\u00fbteuse et craquante lentement torr\u00e9fi\u00e9e sans mati\u00e8re grasse.<br \/>\nPour ces Amande, nous avons s\u00e9lectionn\u00e9 la Non Pareil Supr\u00eame.<br \/>\nUne tr\u00e8s belle qualit\u00e9 et un gros calibre.<br \/>\nPour les amateurs de tr\u00e8s beaux produits.<\/p>\n<p>125g<\/p>\n","protected":false},"excerpt":{"rendered":"<p>Une tr\u00e8s belle amande go\u00fbteuse et craquante lentement torr\u00e9fi\u00e9e sans mati\u00e8re grasse. Pour ces Amande, nous avons s\u00e9lectionn\u00e9 la Non Pareil Supr\u00eame. Une tr\u00e8s belle qualit\u00e9 et un gros calibre. Pour les amateurs de tr\u00e8s beaux produits. 125g<\/p>\n","protected":false},"featured_media":4495,"template":"","meta":{"inline_featured_image":false,"site-sidebar-layout":"default","site-content-layout":"default","ast-site-content-layout":"default","site-content-style":"default","site-sidebar-style":"default","ast-global-header-display":"","ast-banner-title-visibility":"","ast-main-header-display":"","ast-hfb-above-header-display":"","ast-hfb-below-header-display":"","ast-hfb-mobile-header-display":"","site-post-title":"","ast-breadcrumbs-content":"","ast-featured-img":"","footer-sml-layout":"","theme-transparent-header-meta":"default","adv-header-id-meta":"","stick-header-meta":"","header-above-stick-meta":"","header-main-stick-meta":"","header-below-stick-meta":"","astra-migrate-meta-layouts":"set","ast-page-background-enabled":"default","ast-page-background-meta":{"desktop":{"background-color":"var(--ast-global-color-4)","background-image":"","background-repeat":"repeat","background-position":"center center","background-size":"auto","background-attachment":"scroll","background-type":"","background-media":"","overlay-type":"","overlay-color":"","overlay-opacity":"","overlay-gradient":""},"tablet":{"background-color":"","background-image":"","background-repeat":"repeat","background-position":"center center","background-size":"auto","background-attachment":"scroll","background-type":"","background-media":"","overlay-type":"","overlay-color":"","overlay-opacity":"","overlay-gradient":""},"mobile":{"background-color":"","background-image":"","background-repeat":"repeat","background-position":"center center","background-size":"auto","background-attachment":"scroll","background-type":"","background-media":"","overlay-type":"","overlay-color":"","overlay-opacity":"","overlay-gradient":""}},"ast-content-background-meta":{"desktop":{"background-color":"var(--ast-global-color-5)","background-image":"","background-repeat":"repeat","background-position":"center center","background-size":"auto","background-attachment":"scroll","background-type":"","background-media":"","overlay-type":"","overlay-color":"","overlay-opacity":"","overlay-gradient":""},"tablet":{"background-color":"var(--ast-global-color-5)","background-image":"","background-repeat":"repeat","background-position":"center center","background-size":"auto","background-attachment":"scroll","background-type":"","background-media":"","overlay-type":"","overlay-color":"","overlay-opacity":"","overlay-gradient":""},"mobile":{"background-color":"var(--ast-global-color-5)","background-image":"","background-repeat":"repeat","background-position":"center center","background-size":"auto","background-attachment":"scroll","background-type":"","background-media":"","overlay-type":"","overlay-color":"","overlay-opacity":"","overlay-gradient":""}}},"product_brand":[],"product_cat":[139],"product_tag":[],"class_list":{"0":"post-4494","1":"product","2":"type-product","3":"status-publish","4":"has-post-thumbnail","6":"product_cat-produitslocal","7":"desktop-align-left","8":"tablet-align-left","9":"mobile-align-left","11":"first","12":"instock","13":"shipping-taxable","14":"purchasable","15":"product-type-simple"},"_links":{"self":[{"href":"https:\/\/epicerievalmarie.com\/fr\/wp-json\/wp\/v2\/product\/4494","targetHints":{"allow":["GET"]}}],"collection":[{"href":"https:\/\/epicerievalmarie.com\/fr\/wp-json\/wp\/v2\/product"}],"about":[{"href":"https:\/\/epicerievalmarie.com\/fr\/wp-json\/wp\/v2\/types\/product"}],"wp:featuredmedia":[{"embeddable":true,"href":"https:\/\/epicerievalmarie.com\/fr\/wp-json\/wp\/v2\/media\/4495"}],"wp:attachment":[{"href":"https:\/\/epicerievalmarie.com\/fr\/wp-json\/wp\/v2\/media?parent=4494"}],"wp:term":[{"taxonomy":"product_brand","embeddable":true,"href":"https:\/\/epicerievalmarie.com\/fr\/wp-json\/wp\/v2\/product_brand?post=4494"},{"taxonomy":"product_cat","embeddable":true,"href":"https:\/\/epicerievalmarie.com\/fr\/wp-json\/wp\/v2\/product_cat?post=4494"},{"taxonomy":"product_tag","embeddable":true,"href":"https:\/\/epicerievalmarie.com\/fr\/wp-json\/wp\/v2\/product_tag?post=4494"}],"curies":[{"name":"wp","href":"https:\/\/api.w.org\/{rel}","templated":true}]}}