{"id":4484,"date":"2023-05-27T12:46:16","date_gmt":"2023-05-27T12:46:16","guid":{"rendered":"https:\/\/epicerievalmarie.com\/?post_type=product&#038;p=4484"},"modified":"2025-05-10T10:37:37","modified_gmt":"2025-05-10T10:37:37","slug":"la-canya-blonde-75cl","status":"publish","type":"product","link":"https:\/\/epicerievalmarie.com\/fr\/product\/la-canya-blonde-75cl\/","title":{"rendered":"La Canya blonde 75cl"},"content":{"rendered":"<div dir=\"auto\">Cette bi\u00e8re s&#8217;inspire du style des Am\u00e9rican pale ale, elle poss\u00e8de une robe jaune clair surmont\u00e9e d&#8217;une mousse blanche.<\/div>\n<div dir=\"auto\"><\/div>\n<div dir=\"auto\">Au nez, ce sont les ar\u00f4mes fruit\u00e9s qui se d\u00e9tachent en t\u00eate suivis d&#8217;un l\u00e9ger parfum de miel de fleur.<\/div>\n<div dir=\"auto\"><\/div>\n<div dir=\"auto\">En bouche, la saveur fruit\u00e9e et houblonn\u00e9e s&#8217;\u00e9quilibre avec une l\u00e9g\u00e8re amertume, le tout finissant avec une belle pr\u00e9sence de la c\u00e9r\u00e9ale.<\/div>\n<div dir=\"auto\"><\/div>\n<div dir=\"auto\">Cette Ale est aussi agr\u00e9able que d\u00e9salt\u00e9rante.<\/div>\n<div dir=\"auto\"><\/div>\n<div dir=\"auto\">Disponible en format 33cl et 75cl.<\/div>\n","protected":false},"excerpt":{"rendered":"<p>Cette bi\u00e8re s&#8217;inspire du style des Am\u00e9rican pale ale, elle poss\u00e8de une robe jaune clair surmont\u00e9e d&#8217;une mousse blanche. Au nez, ce sont les ar\u00f4mes fruit\u00e9s qui se d\u00e9tachent en t\u00eate suivis d&#8217;un l\u00e9ger parfum de miel de fleur. En bouche, la saveur fruit\u00e9e et houblonn\u00e9e s&#8217;\u00e9quilibre avec une l\u00e9g\u00e8re amertume, le tout finissant avec [&hellip;]<\/p>\n","protected":false},"featured_media":4488,"template":"","meta":{"inline_featured_image":false,"site-sidebar-layout":"default","site-content-layout":"default","ast-site-content-layout":"default","site-content-style":"default","site-sidebar-style":"default","ast-global-header-display":"","ast-banner-title-visibility":"","ast-main-header-display":"","ast-hfb-above-header-display":"","ast-hfb-below-header-display":"","ast-hfb-mobile-header-display":"","site-post-title":"","ast-breadcrumbs-content":"","ast-featured-img":"","footer-sml-layout":"","theme-transparent-header-meta":"default","adv-header-id-meta":"","stick-header-meta":"","header-above-stick-meta":"","header-main-stick-meta":"","header-below-stick-meta":"","astra-migrate-meta-layouts":"set","ast-page-background-enabled":"default","ast-page-background-meta":{"desktop":{"background-color":"var(--ast-global-color-4)","background-image":"","background-repeat":"repeat","background-position":"center center","background-size":"auto","background-attachment":"scroll","background-type":"","background-media":"","overlay-type":"","overlay-color":"","overlay-opacity":"","overlay-gradient":""},"tablet":{"background-color":"","background-image":"","background-repeat":"repeat","background-position":"center center","background-size":"auto","background-attachment":"scroll","background-type":"","background-media":"","overlay-type":"","overlay-color":"","overlay-opacity":"","overlay-gradient":""},"mobile":{"background-color":"","background-image":"","background-repeat":"repeat","background-position":"center center","background-size":"auto","background-attachment":"scroll","background-type":"","background-media":"","overlay-type":"","overlay-color":"","overlay-opacity":"","overlay-gradient":""}},"ast-content-background-meta":{"desktop":{"background-color":"var(--ast-global-color-5)","background-image":"","background-repeat":"repeat","background-position":"center center","background-size":"auto","background-attachment":"scroll","background-type":"","background-media":"","overlay-type":"","overlay-color":"","overlay-opacity":"","overlay-gradient":""},"tablet":{"background-color":"var(--ast-global-color-5)","background-image":"","background-repeat":"repeat","background-position":"center center","background-size":"auto","background-attachment":"scroll","background-type":"","background-media":"","overlay-type":"","overlay-color":"","overlay-opacity":"","overlay-gradient":""},"mobile":{"background-color":"var(--ast-global-color-5)","background-image":"","background-repeat":"repeat","background-position":"center center","background-size":"auto","background-attachment":"scroll","background-type":"","background-media":"","overlay-type":"","overlay-color":"","overlay-opacity":"","overlay-gradient":""}}},"product_brand":[],"product_cat":[139],"product_tag":[],"class_list":{"0":"post-4484","1":"product","2":"type-product","3":"status-publish","4":"has-post-thumbnail","6":"product_cat-produitslocal","7":"desktop-align-left","8":"tablet-align-left","9":"mobile-align-left","11":"first","12":"instock","13":"shipping-taxable","14":"purchasable","15":"product-type-simple"},"_links":{"self":[{"href":"https:\/\/epicerievalmarie.com\/fr\/wp-json\/wp\/v2\/product\/4484","targetHints":{"allow":["GET"]}}],"collection":[{"href":"https:\/\/epicerievalmarie.com\/fr\/wp-json\/wp\/v2\/product"}],"about":[{"href":"https:\/\/epicerievalmarie.com\/fr\/wp-json\/wp\/v2\/types\/product"}],"wp:featuredmedia":[{"embeddable":true,"href":"https:\/\/epicerievalmarie.com\/fr\/wp-json\/wp\/v2\/media\/4488"}],"wp:attachment":[{"href":"https:\/\/epicerievalmarie.com\/fr\/wp-json\/wp\/v2\/media?parent=4484"}],"wp:term":[{"taxonomy":"product_brand","embeddable":true,"href":"https:\/\/epicerievalmarie.com\/fr\/wp-json\/wp\/v2\/product_brand?post=4484"},{"taxonomy":"product_cat","embeddable":true,"href":"https:\/\/epicerievalmarie.com\/fr\/wp-json\/wp\/v2\/product_cat?post=4484"},{"taxonomy":"product_tag","embeddable":true,"href":"https:\/\/epicerievalmarie.com\/fr\/wp-json\/wp\/v2\/product_tag?post=4484"}],"curies":[{"name":"wp","href":"https:\/\/api.w.org\/{rel}","templated":true}]}}