{"id":4333,"date":"2023-05-22T16:10:33","date_gmt":"2023-05-22T16:10:33","guid":{"rendered":"https:\/\/epicerievalmarie.com\/?post_type=product&#038;p=4333"},"modified":"2025-05-10T15:51:35","modified_gmt":"2025-05-10T15:51:35","slug":"pan-de-tomate-au-poivron","status":"publish","type":"product","link":"https:\/\/epicerievalmarie.com\/fr\/product\/pan-de-tomate-au-poivron\/","title":{"rendered":"Pan con tomate au poivron"},"content":{"rendered":"<p class=\"\" data-start=\"192\" data-end=\"559\">Un d\u00e9licieux m\u00e9lange de tomates fra\u00eeches et de poivrons r\u00f4tis, pr\u00eat \u00e0 \u00eatre \u00e9tal\u00e9 sur du pain pour un ap\u00e9ritif m\u00e9diterran\u00e9en rapide et savoureux. La douceur des poivrons grill\u00e9s se marie parfaitement avec la fra\u00eecheur des tomates et l&#8217;ail, cr\u00e9ant une p\u00e2te savoureuse et l\u00e9g\u00e8rement sucr\u00e9e. Un produit pr\u00eat \u00e0 l\u2019emploi pour enrichir vos tartines ou accompagner vos plats.<\/p>\n<p>170 g<\/p>\n","protected":false},"excerpt":{"rendered":"<p>Un d\u00e9licieux m\u00e9lange de tomates fra\u00eeches et de poivrons r\u00f4tis, pr\u00eat \u00e0 \u00eatre \u00e9tal\u00e9 sur du pain pour un ap\u00e9ritif m\u00e9diterran\u00e9en rapide et savoureux. La douceur des poivrons grill\u00e9s se marie parfaitement avec la fra\u00eecheur des tomates et l&#8217;ail, cr\u00e9ant une p\u00e2te savoureuse et l\u00e9g\u00e8rement sucr\u00e9e. Un produit pr\u00eat \u00e0 l\u2019emploi pour enrichir vos tartines [&hellip;]<\/p>\n","protected":false},"featured_media":4452,"template":"","meta":{"inline_featured_image":false,"site-sidebar-layout":"default","site-content-layout":"default","ast-site-content-layout":"default","site-content-style":"default","site-sidebar-style":"default","ast-global-header-display":"","ast-banner-title-visibility":"","ast-main-header-display":"","ast-hfb-above-header-display":"","ast-hfb-below-header-display":"","ast-hfb-mobile-header-display":"","site-post-title":"","ast-breadcrumbs-content":"","ast-featured-img":"","footer-sml-layout":"","theme-transparent-header-meta":"default","adv-header-id-meta":"","stick-header-meta":"","header-above-stick-meta":"","header-main-stick-meta":"","header-below-stick-meta":"","astra-migrate-meta-layouts":"set","ast-page-background-enabled":"default","ast-page-background-meta":{"desktop":{"background-color":"var(--ast-global-color-4)","background-image":"","background-repeat":"repeat","background-position":"center center","background-size":"auto","background-attachment":"scroll","background-type":"","background-media":"","overlay-type":"","overlay-color":"","overlay-opacity":"","overlay-gradient":""},"tablet":{"background-color":"","background-image":"","background-repeat":"repeat","background-position":"center center","background-size":"auto","background-attachment":"scroll","background-type":"","background-media":"","overlay-type":"","overlay-color":"","overlay-opacity":"","overlay-gradient":""},"mobile":{"background-color":"","background-image":"","background-repeat":"repeat","background-position":"center center","background-size":"auto","background-attachment":"scroll","background-type":"","background-media":"","overlay-type":"","overlay-color":"","overlay-opacity":"","overlay-gradient":""}},"ast-content-background-meta":{"desktop":{"background-color":"var(--ast-global-color-5)","background-image":"","background-repeat":"repeat","background-position":"center center","background-size":"auto","background-attachment":"scroll","background-type":"","background-media":"","overlay-type":"","overlay-color":"","overlay-opacity":"","overlay-gradient":""},"tablet":{"background-color":"var(--ast-global-color-5)","background-image":"","background-repeat":"repeat","background-position":"center center","background-size":"auto","background-attachment":"scroll","background-type":"","background-media":"","overlay-type":"","overlay-color":"","overlay-opacity":"","overlay-gradient":""},"mobile":{"background-color":"var(--ast-global-color-5)","background-image":"","background-repeat":"repeat","background-position":"center center","background-size":"auto","background-attachment":"scroll","background-type":"","background-media":"","overlay-type":"","overlay-color":"","overlay-opacity":"","overlay-gradient":""}}},"product_brand":[],"product_cat":[139],"product_tag":[],"class_list":{"0":"post-4333","1":"product","2":"type-product","3":"status-publish","4":"has-post-thumbnail","6":"product_cat-produitslocal","7":"desktop-align-left","8":"tablet-align-left","9":"mobile-align-left","11":"first","12":"instock","13":"shipping-taxable","14":"purchasable","15":"product-type-simple"},"_links":{"self":[{"href":"https:\/\/epicerievalmarie.com\/fr\/wp-json\/wp\/v2\/product\/4333","targetHints":{"allow":["GET"]}}],"collection":[{"href":"https:\/\/epicerievalmarie.com\/fr\/wp-json\/wp\/v2\/product"}],"about":[{"href":"https:\/\/epicerievalmarie.com\/fr\/wp-json\/wp\/v2\/types\/product"}],"wp:featuredmedia":[{"embeddable":true,"href":"https:\/\/epicerievalmarie.com\/fr\/wp-json\/wp\/v2\/media\/4452"}],"wp:attachment":[{"href":"https:\/\/epicerievalmarie.com\/fr\/wp-json\/wp\/v2\/media?parent=4333"}],"wp:term":[{"taxonomy":"product_brand","embeddable":true,"href":"https:\/\/epicerievalmarie.com\/fr\/wp-json\/wp\/v2\/product_brand?post=4333"},{"taxonomy":"product_cat","embeddable":true,"href":"https:\/\/epicerievalmarie.com\/fr\/wp-json\/wp\/v2\/product_cat?post=4333"},{"taxonomy":"product_tag","embeddable":true,"href":"https:\/\/epicerievalmarie.com\/fr\/wp-json\/wp\/v2\/product_tag?post=4333"}],"curies":[{"name":"wp","href":"https:\/\/api.w.org\/{rel}","templated":true}]}}