{"id":4321,"date":"2023-05-22T16:00:26","date_gmt":"2023-05-22T16:00:26","guid":{"rendered":"https:\/\/epicerievalmarie.com\/?post_type=product&#038;p=4321"},"modified":"2025-05-10T16:01:08","modified_gmt":"2025-05-10T16:01:08","slug":"anchoiade","status":"publish","type":"product","link":"https:\/\/epicerievalmarie.com\/fr\/product\/anchoiade\/","title":{"rendered":"Ancho\u00efade"},"content":{"rendered":"<p>Une d\u00e9licieuse p\u00e2te \u00e0 base d\u2019anchois, d\u2019ail et d\u2019huile d&#8217;olive, pr\u00eate \u00e0 \u00eatre \u00e9tal\u00e9e sur du pain pour un go\u00fbt m\u00e9diterran\u00e9en authentique. L&#8217;intensit\u00e9 des anchois se marie harmonieusement avec l&#8217;ail et l&#8217;huile d&#8217;olive, cr\u00e9ant une saveur savoureuse et l\u00e9g\u00e8rement sal\u00e9e qui r\u00e9galera les amateurs de saveurs marines. Un produit pr\u00eat \u00e0 l\u2019emploi pour vos ap\u00e9ritifs ou pour accompagner vos plats.<br \/>\n180 g<\/p>\n","protected":false},"excerpt":{"rendered":"<p>Une d\u00e9licieuse p\u00e2te \u00e0 base d\u2019anchois, d\u2019ail et d\u2019huile d&#8217;olive, pr\u00eate \u00e0 \u00eatre \u00e9tal\u00e9e sur du pain pour un go\u00fbt m\u00e9diterran\u00e9en authentique. L&#8217;intensit\u00e9 des anchois se marie harmonieusement avec l&#8217;ail et l&#8217;huile d&#8217;olive, cr\u00e9ant une saveur savoureuse et l\u00e9g\u00e8rement sal\u00e9e qui r\u00e9galera les amateurs de saveurs marines. Un produit pr\u00eat \u00e0 l\u2019emploi pour vos ap\u00e9ritifs [&hellip;]<\/p>\n","protected":false},"featured_media":4322,"template":"","meta":{"inline_featured_image":false,"site-sidebar-layout":"default","site-content-layout":"default","ast-site-content-layout":"default","site-content-style":"default","site-sidebar-style":"default","ast-global-header-display":"","ast-banner-title-visibility":"","ast-main-header-display":"","ast-hfb-above-header-display":"","ast-hfb-below-header-display":"","ast-hfb-mobile-header-display":"","site-post-title":"","ast-breadcrumbs-content":"","ast-featured-img":"","footer-sml-layout":"","theme-transparent-header-meta":"default","adv-header-id-meta":"","stick-header-meta":"","header-above-stick-meta":"","header-main-stick-meta":"","header-below-stick-meta":"","astra-migrate-meta-layouts":"set","ast-page-background-enabled":"default","ast-page-background-meta":{"desktop":{"background-color":"var(--ast-global-color-4)","background-image":"","background-repeat":"repeat","background-position":"center center","background-size":"auto","background-attachment":"scroll","background-type":"","background-media":"","overlay-type":"","overlay-color":"","overlay-opacity":"","overlay-gradient":""},"tablet":{"background-color":"","background-image":"","background-repeat":"repeat","background-position":"center center","background-size":"auto","background-attachment":"scroll","background-type":"","background-media":"","overlay-type":"","overlay-color":"","overlay-opacity":"","overlay-gradient":""},"mobile":{"background-color":"","background-image":"","background-repeat":"repeat","background-position":"center center","background-size":"auto","background-attachment":"scroll","background-type":"","background-media":"","overlay-type":"","overlay-color":"","overlay-opacity":"","overlay-gradient":""}},"ast-content-background-meta":{"desktop":{"background-color":"var(--ast-global-color-5)","background-image":"","background-repeat":"repeat","background-position":"center center","background-size":"auto","background-attachment":"scroll","background-type":"","background-media":"","overlay-type":"","overlay-color":"","overlay-opacity":"","overlay-gradient":""},"tablet":{"background-color":"var(--ast-global-color-5)","background-image":"","background-repeat":"repeat","background-position":"center center","background-size":"auto","background-attachment":"scroll","background-type":"","background-media":"","overlay-type":"","overlay-color":"","overlay-opacity":"","overlay-gradient":""},"mobile":{"background-color":"var(--ast-global-color-5)","background-image":"","background-repeat":"repeat","background-position":"center center","background-size":"auto","background-attachment":"scroll","background-type":"","background-media":"","overlay-type":"","overlay-color":"","overlay-opacity":"","overlay-gradient":""}}},"product_brand":[],"product_cat":[139],"product_tag":[],"class_list":{"0":"post-4321","1":"product","2":"type-product","3":"status-publish","4":"has-post-thumbnail","6":"product_cat-produitslocal","7":"desktop-align-left","8":"tablet-align-left","9":"mobile-align-left","11":"first","12":"instock","13":"shipping-taxable","14":"purchasable","15":"product-type-simple"},"_links":{"self":[{"href":"https:\/\/epicerievalmarie.com\/fr\/wp-json\/wp\/v2\/product\/4321","targetHints":{"allow":["GET"]}}],"collection":[{"href":"https:\/\/epicerievalmarie.com\/fr\/wp-json\/wp\/v2\/product"}],"about":[{"href":"https:\/\/epicerievalmarie.com\/fr\/wp-json\/wp\/v2\/types\/product"}],"wp:featuredmedia":[{"embeddable":true,"href":"https:\/\/epicerievalmarie.com\/fr\/wp-json\/wp\/v2\/media\/4322"}],"wp:attachment":[{"href":"https:\/\/epicerievalmarie.com\/fr\/wp-json\/wp\/v2\/media?parent=4321"}],"wp:term":[{"taxonomy":"product_brand","embeddable":true,"href":"https:\/\/epicerievalmarie.com\/fr\/wp-json\/wp\/v2\/product_brand?post=4321"},{"taxonomy":"product_cat","embeddable":true,"href":"https:\/\/epicerievalmarie.com\/fr\/wp-json\/wp\/v2\/product_cat?post=4321"},{"taxonomy":"product_tag","embeddable":true,"href":"https:\/\/epicerievalmarie.com\/fr\/wp-json\/wp\/v2\/product_tag?post=4321"}],"curies":[{"name":"wp","href":"https:\/\/api.w.org\/{rel}","templated":true}]}}