{"id":4310,"date":"2023-05-22T15:43:07","date_gmt":"2023-05-22T15:43:07","guid":{"rendered":"https:\/\/epicerievalmarie.com\/?post_type=product&#038;p=4310"},"modified":"2025-05-10T16:07:45","modified_gmt":"2025-05-10T16:07:45","slug":"houmous","status":"publish","type":"product","link":"https:\/\/epicerievalmarie.com\/fr\/product\/houmous\/","title":{"rendered":"Houmous"},"content":{"rendered":"<p>Un houmous cr\u00e9meux \u00e0 base de pois chiches, de tahini, de citron et d&#8217;ail, offrant une texture lisse et une saveur riche et d\u00e9licatement \u00e9pic\u00e9e. Ce produit est parfait pour accompagner vos ap\u00e9ritifs, vos crudit\u00e9s ou pour tartiner sur du pain. Une v\u00e9ritable recette m\u00e9diterran\u00e9enne qui ravira vos papilles.<\/p>\n<p>170 g<\/p>\n","protected":false},"excerpt":{"rendered":"<p>Un houmous cr\u00e9meux \u00e0 base de pois chiches, de tahini, de citron et d&#8217;ail, offrant une texture lisse et une saveur riche et d\u00e9licatement \u00e9pic\u00e9e. Ce produit est parfait pour accompagner vos ap\u00e9ritifs, vos crudit\u00e9s ou pour tartiner sur du pain. Une v\u00e9ritable recette m\u00e9diterran\u00e9enne qui ravira vos papilles. 170 g<\/p>\n","protected":false},"featured_media":4314,"template":"","meta":{"inline_featured_image":false,"site-sidebar-layout":"default","site-content-layout":"default","ast-site-content-layout":"default","site-content-style":"default","site-sidebar-style":"default","ast-global-header-display":"","ast-banner-title-visibility":"","ast-main-header-display":"","ast-hfb-above-header-display":"","ast-hfb-below-header-display":"","ast-hfb-mobile-header-display":"","site-post-title":"","ast-breadcrumbs-content":"","ast-featured-img":"","footer-sml-layout":"","theme-transparent-header-meta":"default","adv-header-id-meta":"","stick-header-meta":"","header-above-stick-meta":"","header-main-stick-meta":"","header-below-stick-meta":"","astra-migrate-meta-layouts":"set","ast-page-background-enabled":"default","ast-page-background-meta":{"desktop":{"background-color":"var(--ast-global-color-4)","background-image":"","background-repeat":"repeat","background-position":"center center","background-size":"auto","background-attachment":"scroll","background-type":"","background-media":"","overlay-type":"","overlay-color":"","overlay-opacity":"","overlay-gradient":""},"tablet":{"background-color":"","background-image":"","background-repeat":"repeat","background-position":"center center","background-size":"auto","background-attachment":"scroll","background-type":"","background-media":"","overlay-type":"","overlay-color":"","overlay-opacity":"","overlay-gradient":""},"mobile":{"background-color":"","background-image":"","background-repeat":"repeat","background-position":"center center","background-size":"auto","background-attachment":"scroll","background-type":"","background-media":"","overlay-type":"","overlay-color":"","overlay-opacity":"","overlay-gradient":""}},"ast-content-background-meta":{"desktop":{"background-color":"var(--ast-global-color-5)","background-image":"","background-repeat":"repeat","background-position":"center center","background-size":"auto","background-attachment":"scroll","background-type":"","background-media":"","overlay-type":"","overlay-color":"","overlay-opacity":"","overlay-gradient":""},"tablet":{"background-color":"var(--ast-global-color-5)","background-image":"","background-repeat":"repeat","background-position":"center center","background-size":"auto","background-attachment":"scroll","background-type":"","background-media":"","overlay-type":"","overlay-color":"","overlay-opacity":"","overlay-gradient":""},"mobile":{"background-color":"var(--ast-global-color-5)","background-image":"","background-repeat":"repeat","background-position":"center center","background-size":"auto","background-attachment":"scroll","background-type":"","background-media":"","overlay-type":"","overlay-color":"","overlay-opacity":"","overlay-gradient":""}}},"product_brand":[],"product_cat":[139],"product_tag":[],"class_list":{"0":"post-4310","1":"product","2":"type-product","3":"status-publish","4":"has-post-thumbnail","6":"product_cat-produitslocal","7":"desktop-align-left","8":"tablet-align-left","9":"mobile-align-left","11":"first","12":"instock","13":"shipping-taxable","14":"purchasable","15":"product-type-simple"},"_links":{"self":[{"href":"https:\/\/epicerievalmarie.com\/fr\/wp-json\/wp\/v2\/product\/4310","targetHints":{"allow":["GET"]}}],"collection":[{"href":"https:\/\/epicerievalmarie.com\/fr\/wp-json\/wp\/v2\/product"}],"about":[{"href":"https:\/\/epicerievalmarie.com\/fr\/wp-json\/wp\/v2\/types\/product"}],"wp:featuredmedia":[{"embeddable":true,"href":"https:\/\/epicerievalmarie.com\/fr\/wp-json\/wp\/v2\/media\/4314"}],"wp:attachment":[{"href":"https:\/\/epicerievalmarie.com\/fr\/wp-json\/wp\/v2\/media?parent=4310"}],"wp:term":[{"taxonomy":"product_brand","embeddable":true,"href":"https:\/\/epicerievalmarie.com\/fr\/wp-json\/wp\/v2\/product_brand?post=4310"},{"taxonomy":"product_cat","embeddable":true,"href":"https:\/\/epicerievalmarie.com\/fr\/wp-json\/wp\/v2\/product_cat?post=4310"},{"taxonomy":"product_tag","embeddable":true,"href":"https:\/\/epicerievalmarie.com\/fr\/wp-json\/wp\/v2\/product_tag?post=4310"}],"curies":[{"name":"wp","href":"https:\/\/api.w.org\/{rel}","templated":true}]}}