{"id":1870,"date":"2022-05-29T21:55:39","date_gmt":"2022-05-29T21:55:39","guid":{"rendered":"http:\/\/localhost:8500\/location\/"},"modified":"2023-01-26T10:34:22","modified_gmt":"2023-01-26T10:34:22","slug":"location","status":"publish","type":"page","link":"https:\/\/epicerievalmarie.com\/fr\/location\/","title":{"rendered":"Location"},"content":{"rendered":"\t\t<div data-elementor-type=\"wp-page\" data-elementor-id=\"1870\" class=\"elementor elementor-1870 elementor-581\" data-elementor-post-type=\"page\">\n\t\t\t\t\t\t<section class=\"elementor-section elementor-top-section elementor-element elementor-element-28c9930 elementor-section-boxed elementor-section-height-default elementor-section-height-default\" data-id=\"28c9930\" data-element_type=\"section\">\n\t\t\t\t\t\t<div class=\"elementor-container elementor-column-gap-default\">\n\t\t\t\t\t<div class=\"elementor-column elementor-col-100 elementor-top-column elementor-element elementor-element-c54513e\" data-id=\"c54513e\" data-element_type=\"column\">\n\t\t\t<div class=\"elementor-widget-wrap elementor-element-populated\">\n\t\t\t\t\t\t<div class=\"elementor-element elementor-element-70f451c elementor-widget elementor-widget-spacer\" data-id=\"70f451c\" data-element_type=\"widget\" data-widget_type=\"spacer.default\">\n\t\t\t\t<div class=\"elementor-widget-container\">\n\t\t\t\t\t\t\t<div class=\"elementor-spacer\">\n\t\t\t<div class=\"elementor-spacer-inner\"><\/div>\n\t\t<\/div>\n\t\t\t\t\t\t<\/div>\n\t\t\t\t<\/div>\n\t\t\t\t\t<\/div>\n\t\t<\/div>\n\t\t\t\t\t<\/div>\n\t\t<\/section>\n\t\t\t\t<section class=\"elementor-section elementor-top-section elementor-element elementor-element-e5ca009 elementor-section-boxed elementor-section-height-default elementor-section-height-default\" data-id=\"e5ca009\" data-element_type=\"section\">\n\t\t\t\t\t\t<div class=\"elementor-container elementor-column-gap-default\">\n\t\t\t\t\t<div class=\"elementor-column elementor-col-100 elementor-top-column elementor-element elementor-element-c0961c0\" data-id=\"c0961c0\" data-element_type=\"column\" data-settings=\"{&quot;background_background&quot;:&quot;classic&quot;}\">\n\t\t\t<div class=\"elementor-widget-wrap elementor-element-populated\">\n\t\t\t\t\t\t<div class=\"elementor-element elementor-element-9cb8844 elementor-widget-divider--view-line_text elementor-widget-divider--element-align-left elementor-widget elementor-widget-divider\" data-id=\"9cb8844\" data-element_type=\"widget\" data-widget_type=\"divider.default\">\n\t\t\t\t<div class=\"elementor-widget-container\">\n\t\t\t\t\t\t\t<div class=\"elementor-divider\">\n\t\t\t<span class=\"elementor-divider-separator\">\n\t\t\t\t\t\t\t<span class=\"elementor-divider__text elementor-divider__element\">\n\t\t\t\tLocation\t\t\t\t<\/span>\n\t\t\t\t\t\t<\/span>\n\t\t<\/div>\n\t\t\t\t\t\t<\/div>\n\t\t\t\t<\/div>\n\t\t\t\t\t<\/div>\n\t\t<\/div>\n\t\t\t\t\t<\/div>\n\t\t<\/section>\n\t\t\t\t<section class=\"elementor-section elementor-top-section elementor-element elementor-element-3df4608 elementor-section-boxed elementor-section-height-default elementor-section-height-default\" data-id=\"3df4608\" data-element_type=\"section\">\n\t\t\t\t\t\t<div class=\"elementor-container elementor-column-gap-wide\">\n\t\t\t\t\t<div class=\"elementor-column elementor-col-50 elementor-top-column elementor-element elementor-element-e57ca39 elementor-invisible\" data-id=\"e57ca39\" data-element_type=\"column\" data-settings=\"{&quot;background_background&quot;:&quot;gradient&quot;,&quot;animation&quot;:&quot;fadeInLeft&quot;}\">\n\t\t\t<div class=\"elementor-widget-wrap elementor-element-populated\">\n\t\t\t\t\t\t<div class=\"elementor-element elementor-element-cc96fe2 elementor-position-top elementor-widget elementor-widget-image-box\" data-id=\"cc96fe2\" data-element_type=\"widget\" data-widget_type=\"image-box.default\">\n\t\t\t\t<div class=\"elementor-widget-container\">\n\t\t\t\t\t<div class=\"elementor-image-box-wrapper\"><figure class=\"elementor-image-box-img\"><img fetchpriority=\"high\" decoding=\"async\" width=\"1600\" height=\"900\" src=\"https:\/\/epicerievalmarie.com\/wp-content\/uploads\/2022\/06\/WhatsApp-Image-2022-05-03-at-4.15.31-PM-2.jpeg\" class=\"attachment-full size-full wp-image-928\" alt=\"\" srcset=\"https:\/\/epicerievalmarie.com\/wp-content\/uploads\/2022\/06\/WhatsApp-Image-2022-05-03-at-4.15.31-PM-2.jpeg 1600w, https:\/\/epicerievalmarie.com\/wp-content\/uploads\/2022\/06\/WhatsApp-Image-2022-05-03-at-4.15.31-PM-2-300x169.jpeg 300w, https:\/\/epicerievalmarie.com\/wp-content\/uploads\/2022\/06\/WhatsApp-Image-2022-05-03-at-4.15.31-PM-2-1024x576.jpeg 1024w, https:\/\/epicerievalmarie.com\/wp-content\/uploads\/2022\/06\/WhatsApp-Image-2022-05-03-at-4.15.31-PM-2-768x432.jpeg 768w, https:\/\/epicerievalmarie.com\/wp-content\/uploads\/2022\/06\/WhatsApp-Image-2022-05-03-at-4.15.31-PM-2-1536x864.jpeg 1536w, https:\/\/epicerievalmarie.com\/wp-content\/uploads\/2022\/06\/WhatsApp-Image-2022-05-03-at-4.15.31-PM-2-600x338.jpeg 600w\" sizes=\"(max-width: 1600px) 100vw, 1600px\" \/><\/figure><div class=\"elementor-image-box-content\"><h3 class=\"elementor-image-box-title\">Location de v\u00e9los<\/h3><p class=\"elementor-image-box-description\">\nVous voulez sortir et vous promener ? Explorer l'arri\u00e8re-pays ou la route c\u00f4ti\u00e8re ? \nR\u00e9servez votre v\u00e9lo avec nous ! \nDes v\u00e9los pour enfants sont \u00e9galement disponibles <\/p><\/div><\/div>\t\t\t\t<\/div>\n\t\t\t\t<\/div>\n\t\t\t\t\t<\/div>\n\t\t<\/div>\n\t\t\t\t<div class=\"elementor-column elementor-col-50 elementor-top-column elementor-element elementor-element-51d570e\" data-id=\"51d570e\" data-element_type=\"column\" data-settings=\"{&quot;background_background&quot;:&quot;gradient&quot;}\">\n\t\t\t<div class=\"elementor-widget-wrap elementor-element-populated\">\n\t\t\t\t\t\t<div class=\"elementor-element elementor-element-1102fa8 elementor-position-top elementor-invisible elementor-widget elementor-widget-image-box\" data-id=\"1102fa8\" data-element_type=\"widget\" data-settings=\"{&quot;_animation&quot;:&quot;fadeInRight&quot;}\" data-widget_type=\"image-box.default\">\n\t\t\t\t<div class=\"elementor-widget-container\">\n\t\t\t\t\t<div class=\"elementor-image-box-wrapper\"><figure class=\"elementor-image-box-img\"><img decoding=\"async\" width=\"1000\" height=\"665\" src=\"https:\/\/epicerievalmarie.com\/wp-content\/uploads\/2022\/06\/paddle.jpg\" class=\"attachment-full size-full wp-image-915\" alt=\"\" srcset=\"https:\/\/epicerievalmarie.com\/wp-content\/uploads\/2022\/06\/paddle.jpg 1000w, https:\/\/epicerievalmarie.com\/wp-content\/uploads\/2022\/06\/paddle-300x200.jpg 300w, https:\/\/epicerievalmarie.com\/wp-content\/uploads\/2022\/06\/paddle-768x511.jpg 768w, https:\/\/epicerievalmarie.com\/wp-content\/uploads\/2022\/06\/paddle-600x399.jpg 600w\" sizes=\"(max-width: 1000px) 100vw, 1000px\" \/><\/figure><div class=\"elementor-image-box-content\"><h3 class=\"elementor-image-box-title\">Location de stand-up paddle<\/h3><p class=\"elementor-image-box-description\">Explorer la mer ?\nnous avons diff\u00e9rents 'sups' disponibles pour vous.<\/p><\/div><\/div>\t\t\t\t<\/div>\n\t\t\t\t<\/div>\n\t\t\t\t\t<\/div>\n\t\t<\/div>\n\t\t\t\t\t<\/div>\n\t\t<\/section>\n\t\t\t\t<section class=\"elementor-section elementor-top-section elementor-element elementor-element-7bac78a elementor-section-boxed elementor-section-height-default elementor-section-height-default\" data-id=\"7bac78a\" data-element_type=\"section\">\n\t\t\t\t\t\t<div class=\"elementor-container elementor-column-gap-wide\">\n\t\t\t\t\t<div class=\"elementor-column elementor-col-50 elementor-top-column elementor-element elementor-element-1c12906 elementor-invisible\" data-id=\"1c12906\" data-element_type=\"column\" data-settings=\"{&quot;background_background&quot;:&quot;gradient&quot;,&quot;animation&quot;:&quot;fadeInLeft&quot;}\">\n\t\t\t<div class=\"elementor-widget-wrap elementor-element-populated\">\n\t\t\t\t\t\t<div class=\"elementor-element elementor-element-d974a57 elementor-position-top elementor-widget elementor-widget-image-box\" data-id=\"d974a57\" data-element_type=\"widget\" data-widget_type=\"image-box.default\">\n\t\t\t\t<div class=\"elementor-widget-container\">\n\t\t\t\t\t<div class=\"elementor-image-box-wrapper\"><figure class=\"elementor-image-box-img\"><img decoding=\"async\" width=\"639\" height=\"397\" src=\"https:\/\/epicerievalmarie.com\/wp-content\/uploads\/2022\/10\/Plancha.jpg\" class=\"attachment-full size-full wp-image-2947\" alt=\"\" srcset=\"https:\/\/epicerievalmarie.com\/wp-content\/uploads\/2022\/10\/Plancha.jpg 639w, https:\/\/epicerievalmarie.com\/wp-content\/uploads\/2022\/10\/Plancha-300x186.jpg 300w, https:\/\/epicerievalmarie.com\/wp-content\/uploads\/2022\/10\/Plancha-600x373.jpg 600w, https:\/\/epicerievalmarie.com\/wp-content\/uploads\/2022\/10\/Plancha-64x40.jpg 64w\" sizes=\"(max-width: 639px) 100vw, 639px\" \/><\/figure><div class=\"elementor-image-box-content\"><h3 class=\"elementor-image-box-title\">Location de Plancha<\/h3><p class=\"elementor-image-box-description\">Pr\u00e9parez vos propres l\u00e9gumes frais, votre viande ou votre poisson sur nos planchas professionnelles. Livr\u00e9 avec table et bouteille de gaz.<\/p><\/div><\/div>\t\t\t\t<\/div>\n\t\t\t\t<\/div>\n\t\t\t\t\t<\/div>\n\t\t<\/div>\n\t\t\t\t<div class=\"elementor-column elementor-col-50 elementor-top-column elementor-element elementor-element-f975287\" data-id=\"f975287\" data-element_type=\"column\" data-settings=\"{&quot;background_background&quot;:&quot;gradient&quot;}\">\n\t\t\t<div class=\"elementor-widget-wrap\">\n\t\t\t\t\t\t\t<\/div>\n\t\t<\/div>\n\t\t\t\t\t<\/div>\n\t\t<\/section>\n\t\t\t\t<\/div>\n\t\t","protected":false},"excerpt":{"rendered":"<p>Location Location de v\u00e9los Vous voulez sortir et vous promener ? Explorer l&#8217;arri\u00e8re-pays ou la route c\u00f4ti\u00e8re ? R\u00e9servez votre v\u00e9lo avec nous ! Des v\u00e9los pour enfants sont \u00e9galement disponibles Location de stand-up paddle Explorer la mer ? nous avons diff\u00e9rents &#8216;sups&#8217; disponibles pour vous. Location de Plancha Pr\u00e9parez vos propres l\u00e9gumes frais, votre [&hellip;]<\/p>\n","protected":false},"author":1,"featured_media":0,"parent":0,"menu_order":0,"comment_status":"closed","ping_status":"closed","template":"","meta":{"inline_featured_image":false,"site-sidebar-layout":"no-sidebar","site-content-layout":"page-builder","ast-site-content-layout":"default","site-content-style":"default","site-sidebar-style":"default","ast-global-header-display":"","ast-banner-title-visibility":"","ast-main-header-display":"","ast-hfb-above-header-display":"","ast-hfb-below-header-display":"","ast-hfb-mobile-header-display":"","site-post-title":"disabled","ast-breadcrumbs-content":"","ast-featured-img":"disabled","footer-sml-layout":"","theme-transparent-header-meta":"default","adv-header-id-meta":"","stick-header-meta":"","header-above-stick-meta":"","header-main-stick-meta":"","header-below-stick-meta":"","astra-migrate-meta-layouts":"default","ast-page-background-enabled":"default","ast-page-background-meta":{"desktop":{"background-color":"var(--ast-global-color-4)","background-image":"","background-repeat":"repeat","background-position":"center center","background-size":"auto","background-attachment":"scroll","background-type":"","background-media":"","overlay-type":"","overlay-color":"","overlay-opacity":"","overlay-gradient":""},"tablet":{"background-color":"","background-image":"","background-repeat":"repeat","background-position":"center center","background-size":"auto","background-attachment":"scroll","background-type":"","background-media":"","overlay-type":"","overlay-color":"","overlay-opacity":"","overlay-gradient":""},"mobile":{"background-color":"","background-image":"","background-repeat":"repeat","background-position":"center center","background-size":"auto","background-attachment":"scroll","background-type":"","background-media":"","overlay-type":"","overlay-color":"","overlay-opacity":"","overlay-gradient":""}},"ast-content-background-meta":{"desktop":{"background-color":"var(--ast-global-color-5)","background-image":"","background-repeat":"repeat","background-position":"center center","background-size":"auto","background-attachment":"scroll","background-type":"","background-media":"","overlay-type":"","overlay-color":"","overlay-opacity":"","overlay-gradient":""},"tablet":{"background-color":"var(--ast-global-color-5)","background-image":"","background-repeat":"repeat","background-position":"center center","background-size":"auto","background-attachment":"scroll","background-type":"","background-media":"","overlay-type":"","overlay-color":"","overlay-opacity":"","overlay-gradient":""},"mobile":{"background-color":"var(--ast-global-color-5)","background-image":"","background-repeat":"repeat","background-position":"center center","background-size":"auto","background-attachment":"scroll","background-type":"","background-media":"","overlay-type":"","overlay-color":"","overlay-opacity":"","overlay-gradient":""}},"footnotes":""},"class_list":["post-1870","page","type-page","status-publish","hentry"],"_links":{"self":[{"href":"https:\/\/epicerievalmarie.com\/fr\/wp-json\/wp\/v2\/pages\/1870","targetHints":{"allow":["GET"]}}],"collection":[{"href":"https:\/\/epicerievalmarie.com\/fr\/wp-json\/wp\/v2\/pages"}],"about":[{"href":"https:\/\/epicerievalmarie.com\/fr\/wp-json\/wp\/v2\/types\/page"}],"author":[{"embeddable":true,"href":"https:\/\/epicerievalmarie.com\/fr\/wp-json\/wp\/v2\/users\/1"}],"replies":[{"embeddable":true,"href":"https:\/\/epicerievalmarie.com\/fr\/wp-json\/wp\/v2\/comments?post=1870"}],"version-history":[{"count":18,"href":"https:\/\/epicerievalmarie.com\/fr\/wp-json\/wp\/v2\/pages\/1870\/revisions"}],"predecessor-version":[{"id":3928,"href":"https:\/\/epicerievalmarie.com\/fr\/wp-json\/wp\/v2\/pages\/1870\/revisions\/3928"}],"wp:attachment":[{"href":"https:\/\/epicerievalmarie.com\/fr\/wp-json\/wp\/v2\/media?parent=1870"}],"curies":[{"name":"wp","href":"https:\/\/api.w.org\/{rel}","templated":true}]}}